{"id":425,"date":"2015-07-29T06:59:39","date_gmt":"2015-07-29T06:59:39","guid":{"rendered":"http:\/\/demo.vegatheme.com\/archilight\/?page_id=425"},"modified":"2015-07-29T06:59:39","modified_gmt":"2015-07-29T06:59:39","slug":"home-video","status":"publish","type":"page","link":"https:\/\/www.emprociv.com\/index.php\/home-video\/","title":{"rendered":"Homepage Video"},"content":{"rendered":"<div class=\"wpb-content-wrapper\"><p>[vc_row fullwidth=&#8221;yes&#8221; css=&#8221;.vc_custom_1495699936788{background-image: url(https:\/\/www.emprociv.com\/wp-content\/uploads\/2015\/10\/video-poster.jpg?id=1002) !important;}&#8221;][vc_column]\t\n\t<div class=\"de-video-container full-height no-padding\">\n        <div class=\"de-video-content\">\n            <div class=\"text-center\">\n            \t\t                <div class=\"teaser-text\">\n\t                    AWARDS WINNING INTERIOR DESIGN SERVICES\t                <\/div>\n\t                <div class=\"spacer-single\"><\/div>\n                \n                <div class=\"text-slider border-deco\">\n\t                \t\t\t\t\t \n\t\t\t\t\t\t<div class=\"text-item\">Welcome To <b>Archi<\/b><\/div>    \n\t\t\t\t\t\t\t\t\t\t \n\t\t\t\t\t\t<div class=\"text-item\">Interior <b>Design<\/b><\/div>    \n\t\t\t\t\t\t\t\t\t\t \n\t\t\t\t\t\t<div class=\"text-item\">Awards <b>Winning<\/b><\/div>    \n\t\t\t\t\t  \n                <\/div>\n                <div class=\"spacer-single\"><\/div>\n                <a href=\"http:\/\/themeforest.net\/user\/oceanthemes\/portfolio\" target=\"_self\" class=\"btn-slider\">View Our Works<\/a>            <\/div>\n        <\/div>\n\n                \t<div class=\"de-video-overlay\"><\/div>\n         \n\n        <!-- load your video here -->\n        <video autoplay=\"\" loop=\"\" muted=\"\" poster=\"\">\n             <source src=\"http:\/\/www.themenesia.com\/video\/sample.mp4\" type=\"video\/mp4\"> \t\t\t        <\/video>\n    <\/div>\n\n[\/vc_column][\/vc_row][vc_row css=&#8221;.vc_custom_1495700285803{padding-top: 90px !important;padding-bottom: 60px !important;}&#8221;][vc_column animate=&#8221;fadeinup&#8221;]\t\n\t<h1 style=\"text-align: center;\" > WHAT WE DO<\/h1>\t\n\t<div class=\" separator\"><span><i class=\"fa fa-circle\"><\/i><\/span><\/div>\n\t<div class=\"spacer-single\"><\/div>\t      \n[\/vc_column][vc_column width=&#8221;1\/3&#8243; animate=&#8221;fadeinleft&#8221;]\t\n\t<h3 style=\"\" > <b>Residential<\/b> Design<\/h3>\t\n[vc_column_text css=&#8221;.vc_custom_1437708758726{margin-bottom: 30px !important;}&#8221;]Sed ut perspiciatis unde omnis iste natus error sit voluptatem accusantium doloremque laudantium, totam rem aperiam, eaque ipsa quae ab illo inventore veritatis et quasi architecto beatae vitae dicta sunt explicabo. Nemo enim ipsam voluptatem quia voluptas sit aspernatur aut odit aut fugit, sed quia[\/vc_column_text][vc_single_image image=&#8221;565&#8243; img_size=&#8221;full&#8221;][\/vc_column][vc_column width=&#8221;1\/3&#8243; animate=&#8221;fadeinup&#8221;]\t\n\t<h3 style=\"\" > <b>Office<\/b> Design<\/h3>\t\n[vc_column_text css=&#8221;.vc_custom_1437708758726{margin-bottom: 30px !important;}&#8221;]Sed ut perspiciatis unde omnis iste natus error sit voluptatem accusantium doloremque laudantium, totam rem aperiam, eaque ipsa quae ab illo inventore veritatis et quasi architecto beatae vitae dicta sunt explicabo. Nemo enim ipsam voluptatem quia voluptas sit aspernatur aut odit aut fugit, sed quia[\/vc_column_text][vc_single_image image=&#8221;566&#8243; img_size=&#8221;full&#8221;][\/vc_column][vc_column width=&#8221;1\/3&#8243; animate=&#8221;fadinright&#8221;]\t\n\t<h3 style=\"\" > <b>Commercial<\/b> Design<\/h3>\t\n[vc_column_text css=&#8221;.vc_custom_1437708758726{margin-bottom: 30px !important;}&#8221;]Sed ut perspiciatis unde omnis iste natus error sit voluptatem accusantium doloremque laudantium, totam rem aperiam, eaque ipsa quae ab illo inventore veritatis et quasi architecto beatae vitae dicta sunt explicabo. Nemo enim ipsam voluptatem quia voluptas sit aspernatur aut odit aut fugit, sed quia[\/vc_column_text][vc_single_image image=&#8221;567&#8243; img_size=&#8221;full&#8221;][\/vc_column][\/vc_row][vc_row css=&#8221;.vc_custom_1495699968331{padding-top: 90px !important;padding-bottom: 90px !important;background-image: url(https:\/\/www.emprociv.com\/wp-content\/uploads\/2015\/10\/bg-2.jpg?id=826) !important;}&#8221; el_class=&#8221;text-light bg-fixed&#8221;][vc_column animate=&#8221;fadeinup&#8221;]\t\n\t<h1 style=\"text-align: center;color: #ffffff;\" > Our Process<\/h1>\t\n\t<div class=\" separator\"><span><i class=\"fa fa-circle\"><\/i><\/span><\/div>\n\t<div class=\"spacer-single\"><\/div>\t      \n[\/vc_column][vc_column]\n    <div class=\"de_tab tab_steps tab_4  \">\n        <ul class=\"de_nav process-circle-textonly\">\n\t        \t            <li class=\"active wow fadeIn\" data-wow-delay=\"0.4s\">\n\t\t            \t\t            \t<span class=\"content-mid\"><div class=\"inner\">Conservaci\u00f3n ambiental<\/div><\/span>\n\t\t            \t\t            \n\t\t            <div class=\"v-border\"><\/div>\n\t            <\/li>\n\t            \n\t        \t            <li class=\" wow fadeIn\" data-wow-delay=\"0.8s\">\n\t\t            \t\t            \t<span class=\"content-mid\"><div class=\"inner\">\u00c9tica profesional<\/div><\/span>\n\t\t            \t\t            \n\t\t            <div class=\"v-border\"><\/div>\n\t            <\/li>\n\t            \n\t        \t            <li class=\" wow fadeIn\" data-wow-delay=\"1.2s\">\n\t\t            \t\t            \t<span class=\"content-mid\"><div class=\"inner\">Cultura organizacional<\/div><\/span>\n\t\t            \t\t            \n\t\t            <div class=\"v-border\"><\/div>\n\t            <\/li>\n\t            \n\t        \t            <li class=\" wow fadeIn\" data-wow-delay=\"1.6s\">\n\t\t            \t\t            \t<span class=\"content-mid\"><div class=\"inner\">Soluciones integrales<\/div><\/span>\n\t\t            \t\t            \n\t\t            <div class=\"v-border\"><\/div>\n\t            <\/li>\n\t            \n\t                <\/ul>\n\n        <div class=\"de_tab_content\">\n\t        \t            <div id=\"tab-1447\" class=\"de_tab_content_inner\">\n\t                <div class=\"wpb-content-wrapper\"><p>[vc_row][vc_column][vc_column_text]<\/p>\n<p style=\"text-align: center;\">Porque generamos conciencia a nuestros colaboradores y clientes en la importancia de la conservaci\u00f3n ambiental, social y empresarial, creando valor en el bienestar y progreso de las generaciones presentes y futuras, haciendo de Emprociv S.A.S. una empresa sostenible.<span id=\"transmark\" style=\"display: none; width: 0px; height: 0px;\"><\/span><\/p>\n<p>[\/vc_column_text][\/vc_column][\/vc_row]<\/p>\n<\/div>\t            <\/div>\n\t        \t            <div id=\"tab-615\" class=\"de_tab_content_inner\">\n\t                <p>Porque nuestros principios est\u00e1n fundamentados en la \u00e9tica profesional de nuestro equipo colaborador y la de nuestros clientes, desarrollando proyectos \u00edntegros en todos sus aspectos.<br \/>\n<span id=\"transmark\" style=\"display: none; width: 0px; height: 0px;\"><\/span><\/p>\n<p><span id=\"easybtn_t\" style=\"position: fixed; left: -104px; top: 11px; z-index: 999999999999; font-size: 12px; padding: 0 4px; display: inline-block; cursor: pointer; margin: 0px; color: white; border: 1px solid white; box-shadow: 1px 1px 1px rgba(0,0,0,.3); -moz-box-shadow: 1px 1px 1px rgba(0,0,0,.3); background-color: #167ac6;\">T<\/span><\/p>\n\t            <\/div>\n\t        \t            <div id=\"tab-616\" class=\"de_tab_content_inner\">\n\t                <p style=\"text-align: center;\">Porque generamos una cultura organizacional donde somos conscientes que el equipo de trabajo debe estar engranado para optimizar las actividades desarrollados generando un mejor resultado.<span id=\"transmark\" style=\"display: none; width: 0px; height: 0px;\"><\/span><\/p>\n<p>&nbsp;<\/p>\n<p><span id=\"easybtn_t\" style=\"position: fixed; left: -43px; top: 16px; z-index: 999999999999; font-size: 12px; padding: 0 4px; display: inline-block; cursor: pointer; margin: 0px; color: white; border: 1px solid white; box-shadow: 1px 1px 1px rgba(0,0,0,.3); -moz-box-shadow: 1px 1px 1px rgba(0,0,0,.3); background-color: #167ac6;\">T<\/span><\/p>\n\t            <\/div>\n\t        \t            <div id=\"tab-617\" class=\"de_tab_content_inner\">\n\t                <p style=\"text-align: center;\">Porque somos eficaces y eficientes en las soluciones integrales ofrecidas a nuestros clientes, las cuales se adaptan a sus necesidades y las del mercado.<br \/>\nPorque la innovaci\u00f3n en el desarrollo de las tareas es nuestro mayor compromiso.<br \/>\nPorque en nuestra empresa no existen empleados sino colaboradores, y su calidad de vida es nuestra mayor preocupaci\u00f3n.<span id=\"transmark\" style=\"display: none; width: 0px; height: 0px;\"><\/span><\/p>\n<p>&nbsp;<\/p>\n<p><span id=\"easybtn_t\" style=\"position: fixed; left: -13px; top: 23px; z-index: 999999999999; font-size: 12px; padding: 0 4px; display: inline-block; cursor: pointer; margin: 0px; color: white; border: 1px solid white; box-shadow: 1px 1px 1px rgba(0,0,0,.3); -moz-box-shadow: 1px 1px 1px rgba(0,0,0,.3); background-color: #167ac6;\">T<\/span><\/p>\n\t            <\/div>\n\t                <\/div>\n    <\/div>\n\n[\/vc_column][\/vc_row][vc_row fullwidth=&#8221;yes&#8221;][vc_column]  \n\n\t\t\t<div class=\"container\">\n\t    \t<!-- portfolio filter begin -->\n\t\t    <div class=\"row\">\n\t\t        <div class=\"col-md-12 text-center\">\n\t\t            <ul id=\"filters\" class=\"wow fadeInUp listed_taxonomy_filters\" data-wow-delay=\"0s\">\n\t\t            \t<li><a href=\"#\" data-filter=\"*\" class=\"selected\">ALL PROJECT<\/a><\/li>                    \n\t\t                <li class=\"cate_parent\"><a href=\"#\" data-filter=\".cocesiones-viales\">CONCESIONES VIALES<\/a><\/li><li class=\"cate_parent\"><a href=\"#\" data-filter=\".construccion\">CONSTRUCCI\u00d3N<\/a><\/li><li class=\"cate_parent\"><a href=\"#\" data-filter=\".consultorias-entidades-privadas-y-publicas\">CONSULTOR\u00cdAS ENTIDADES PRIVADAS Y PUBLICAS<\/a><\/li><li class=\"cate_parent\"><a href=\"#\" data-filter=\".estructuracion-app\">ESTRUCTURACI\u00d3N APP<\/a><\/li><li class=\"cate_parent\"><a href=\"#\" data-filter=\".interventorias-obras-publicas-y-privadas\">INTERVENTOR\u00cdAS OBRAS P\u00daBLICAS Y PRIVADAS<\/a><\/li><li class=\"cate_parent\"><a href=\"#\" data-filter=\".sistemas-btr\">SISTEMAS BTR<\/a><\/li>                    \n\t\t            <\/ul>\n\t\t        <\/div>\n\t\t    <\/div>\n\t    \t<!-- portfolio filter close -->\n\t    <\/div>\n    \n    <div id=\"gallery\" class=\" gallery full-gallery de-gallery pf_full_width \" style=\"margin:0px 0px\" >\n                     \n        <!-- gallery item -->\n        <div class=\"item construccion \">\n            <div class=\"picframe-new\" style=\"margin:0px\"> \n\t\t\t\t<a class=\"single-ajax-popup\" href=\"https:\/\/www.emprociv.com\/index.php\/portfolio\/construccion\/\">\n\t                <div class=\"mask\"><\/div>\t                \n                    <div class=\"pr_text\">\n                        <div class=\"project-name\">CONSTRUCCI\u00d3N<\/div>\n                    <\/div>\n\t\t\t\t\t\t\t                <img loading=\"lazy\" decoding=\"async\" width=\"700\" height=\"466\" src=\"https:\/\/www.emprociv.com\/wp-content\/uploads\/2018\/06\/construccion-700x466.jpg\" class=\"attachment-thumb-portfolio size-thumb-portfolio wp-post-image\" alt=\"\" \/>\t\t\t\t\t\t\t\t\t<\/a>\n            <\/div>\n        <\/div>        \n        <!-- close gallery item -->\n                     \n        <!-- gallery item -->\n        <div class=\"item interventorias-obras-publicas-y-privadas \">\n            <div class=\"picframe-new\" style=\"margin:0px\"> \n\t\t\t\t<a class=\"single-ajax-popup\" href=\"https:\/\/www.emprociv.com\/index.php\/portfolio\/interventoria-obras-privadas\/\">\n\t                <div class=\"mask\"><\/div>\t                \n                    <div class=\"pr_text\">\n                        <div class=\"project-name\">INTERVENTOR\u00cdA OBRAS PRIVADAS<\/div>\n                    <\/div>\n\t\t\t\t\t\t\t                <img loading=\"lazy\" decoding=\"async\" width=\"700\" height=\"466\" src=\"https:\/\/www.emprociv.com\/wp-content\/uploads\/2018\/06\/1-700x466.jpg\" class=\"attachment-thumb-portfolio size-thumb-portfolio wp-post-image\" alt=\"\" \/>\t\t\t\t\t\t\t\t\t<\/a>\n            <\/div>\n        <\/div>        \n        <!-- close gallery item -->\n                     \n        <!-- gallery item -->\n        <div class=\"item interventorias-obras-publicas-y-privadas \">\n            <div class=\"picframe-new\" style=\"margin:0px\"> \n\t\t\t\t<a class=\"single-ajax-popup\" href=\"https:\/\/www.emprociv.com\/index.php\/portfolio\/interventoria-obras-publicas\/\">\n\t                <div class=\"mask\"><\/div>\t                \n                    <div class=\"pr_text\">\n                        <div class=\"project-name\">INTERVENTOR\u00cdA OBRAS P\u00daBLICAS<\/div>\n                    <\/div>\n\t\t\t\t\t\t\t                <img loading=\"lazy\" decoding=\"async\" width=\"700\" height=\"466\" src=\"https:\/\/www.emprociv.com\/wp-content\/uploads\/2018\/06\/APP-2-1-700x466.jpg\" class=\"attachment-thumb-portfolio size-thumb-portfolio wp-post-image\" alt=\"\" \/>\t\t\t\t\t\t\t\t\t<\/a>\n            <\/div>\n        <\/div>        \n        <!-- close gallery item -->\n                     \n        <!-- gallery item -->\n        <div class=\"item sistemas-btr \">\n            <div class=\"picframe-new\" style=\"margin:0px\"> \n\t\t\t\t<a class=\"single-ajax-popup\" href=\"https:\/\/www.emprociv.com\/index.php\/portfolio\/consorcio-estacion-bosa-2013-consorcio-estacion-bosa-2013\/\">\n\t                <div class=\"mask\"><\/div>\t                \n                    <div class=\"pr_text\">\n                        <div class=\"project-name\">CONSORCIO  METROVIAS  BOGOTA &#8211; CONSORCIO ESTACI\u00d3N  BOSA 2013<\/div>\n                    <\/div>\n\t\t\t\t\t\t\t                <img loading=\"lazy\" decoding=\"async\" width=\"700\" height=\"466\" src=\"https:\/\/www.emprociv.com\/wp-content\/uploads\/2018\/06\/BTR-700x466.jpg\" class=\"attachment-thumb-portfolio size-thumb-portfolio wp-post-image\" alt=\"\" \/>\t\t\t\t\t\t\t\t\t<\/a>\n            <\/div>\n        <\/div>        \n        <!-- close gallery item -->\n                     \n        <!-- gallery item -->\n        <div class=\"item estructuracion-app \">\n            <div class=\"picframe-new\" style=\"margin:0px\"> \n\t\t\t\t<a class=\"single-ajax-popup\" href=\"https:\/\/www.emprociv.com\/index.php\/portfolio\/consorcio-autopistas-urbanas\/\">\n\t                <div class=\"mask\"><\/div>\t                \n                    <div class=\"pr_text\">\n                        <div class=\"project-name\">CONSORCIO  AUTOPISTAS  URBANAS<\/div>\n                    <\/div>\n\t\t\t\t\t\t\t                <img loading=\"lazy\" decoding=\"async\" width=\"700\" height=\"466\" src=\"https:\/\/www.emprociv.com\/wp-content\/uploads\/2018\/06\/APP-700x466.jpg\" class=\"attachment-thumb-portfolio size-thumb-portfolio wp-post-image\" alt=\"\" \/>\t\t\t\t\t\t\t\t\t<\/a>\n            <\/div>\n        <\/div>        \n        <!-- close gallery item -->\n                     \n        <!-- gallery item -->\n        <div class=\"item consultorias-entidades-privadas-y-publicas \">\n            <div class=\"picframe-new\" style=\"margin:0px\"> \n\t\t\t\t<a class=\"single-ajax-popup\" href=\"https:\/\/www.emprociv.com\/index.php\/portfolio\/consultoria-entidades-privadas\/\">\n\t                <div class=\"mask\"><\/div>\t                \n                    <div class=\"pr_text\">\n                        <div class=\"project-name\">CONSULTOR\u00cdA ENTIDADES PRIVADAS<\/div>\n                    <\/div>\n\t\t\t\t\t\t\t                <img loading=\"lazy\" decoding=\"async\" width=\"700\" height=\"466\" src=\"https:\/\/www.emprociv.com\/wp-content\/uploads\/2018\/06\/HMV-INGENIEROS-1-700x466.jpg\" class=\"attachment-thumb-portfolio size-thumb-portfolio wp-post-image\" alt=\"\" \/>\t\t\t\t\t\t\t\t\t<\/a>\n            <\/div>\n        <\/div>        \n        <!-- close gallery item -->\n                     \n        <!-- gallery item -->\n        <div class=\"item consultorias-entidades-privadas-y-publicas \">\n            <div class=\"picframe-new\" style=\"margin:0px\"> \n\t\t\t\t<a class=\"single-ajax-popup\" href=\"https:\/\/www.emprociv.com\/index.php\/portfolio\/consultoria-entidades-publicas\/\">\n\t                <div class=\"mask\"><\/div>\t                \n                    <div class=\"pr_text\">\n                        <div class=\"project-name\">CONSULTOR\u00cdA ENTIDADES P\u00daBLICAS<\/div>\n                    <\/div>\n\t\t\t\t\t\t\t                <img loading=\"lazy\" decoding=\"async\" width=\"700\" height=\"466\" src=\"https:\/\/www.emprociv.com\/wp-content\/uploads\/2018\/06\/GOVERNACION-CASANARE-700x466.jpg\" class=\"attachment-thumb-portfolio size-thumb-portfolio wp-post-image\" alt=\"\" \/>\t\t\t\t\t\t\t\t\t<\/a>\n            <\/div>\n        <\/div>        \n        <!-- close gallery item -->\n                     \n        <!-- gallery item -->\n        <div class=\"item cocesiones-viales \">\n            <div class=\"picframe-new\" style=\"margin:0px\"> \n\t\t\t\t<a class=\"single-ajax-popup\" href=\"https:\/\/www.emprociv.com\/index.php\/portfolio\/concesionaria-san-rafael-s-a\/\">\n\t                <div class=\"mask\"><\/div>\t                \n                    <div class=\"pr_text\">\n                        <div class=\"project-name\">CONCESIONARIA  SAN RAFAEL S.A.<\/div>\n                    <\/div>\n\t\t\t\t\t\t\t                <img loading=\"lazy\" decoding=\"async\" width=\"700\" height=\"466\" src=\"https:\/\/www.emprociv.com\/wp-content\/uploads\/2018\/06\/SAN-RAFAEL-700x466.jpg\" class=\"attachment-thumb-portfolio size-thumb-portfolio wp-post-image\" alt=\"\" \/>\t\t\t\t\t\t\t\t\t<\/a>\n            <\/div>\n        <\/div>        \n        <!-- close gallery item -->\n            <\/div>\n        [\/vc_column][\/vc_row][vc_row fullwidth=&#8221;yes&#8221; css=&#8221;.vc_custom_1442204238143{padding-top: 60px !important;padding-bottom: 60px !important;}&#8221; el_class=&#8221;call-to-action bg-color text-center&#8221;][vc_column]\t\t\t\n\n\t\t\t<a href=\"http:\/\/demo.archiwp.com\/light-version\/contact\/\" target=\"_self\" class=\"btn btn-line-black btn-big  \">VIEW ALL PROJECT<\/a>\n\t    \n[\/vc_column][\/vc_row][vc_row css=&#8221;.vc_custom_1495700051074{padding-top: 90px !important;padding-bottom: 90px !important;background-image: url(https:\/\/www.emprociv.com\/wp-content\/uploads\/2015\/10\/bg-3.jpg?id=815) !important;background-position: center !important;background-repeat: no-repeat !important;background-size: cover !important;}&#8221; el_class=&#8221;text-light bg-fixed&#8221;][vc_column animate=&#8221;fadeinup&#8221;]\t\n\t<h1 style=\"text-align: center;color: #ffffff;\" > Customer Says<\/h1>\t\n\t<div class=\" separator\"><span><i class=\"fa fa-circle\"><\/i><\/span><\/div>\n\t<div class=\"spacer-single\"><\/div>\t      \n\t\t\n\t<div id=\"testimonial-carousel-69d660705ffc4\" class=\"de_carousel  wow fadeInUp\" data-wow-delay=\".3s\">\n\t    <\/div>\n    <script type=\"text\/javascript\">\n    \tjQuery(document).ready(function() {\t\t\n\t\t\t'use strict';\n\t\t\tjQuery(\"#testimonial-carousel-69d660705ffc4\").owlCarousel({\n\t\t\t    items : 2,\n\t\t\t\titemsDesktop : [1199,2],\n\t\t\t\titemsDesktopSmall : [980,2],\n\t\t\t    itemsTablet: [768,1],\n\t\t\t    itemsTabletSmall: false,\n\t\t\t    itemsMobile : [479,1],\n\t\t\t    navigation : false,\n\t\t\t\tautoHeight : true,\n\t\t\t\tautoPlay : false,\n\t\t\t\tslideSpeed : 200,\n\t\t        paginationSpeed : 800,\n\t\t        rewindSpeed : 1000,\n\t\t   \t\tnavigationText : ['<i class=\"fa fa-angle-left\"><\/i>', '<i class=\"fa fa-angle-right\"><\/i>'],\n\t\t    });\n\t\t});\n    <\/script>\n[\/vc_column][\/vc_row]<\/p>\n<\/div>","protected":false},"excerpt":{"rendered":"<p>[vc_row fullwidth=&#8221;yes&#8221; css=&#8221;.vc_custom_1495699936788{background-image: url(https:\/\/www.emprociv.com\/wp-content\/uploads\/2015\/10\/video-poster.jpg?id=1002) !important;}&#8221;][vc_column][\/vc_column][\/vc_row][vc_row css=&#8221;.vc_custom_1495700285803{padding-top: 90px !important;padding-bottom: 60px !important;}&#8221;][vc_column animate=&#8221;fadeinup&#8221;][\/vc_column][vc_column width=&#8221;1\/3&#8243; animate=&#8221;fadeinleft&#8221;][vc_column_text css=&#8221;.vc_custom_1437708758726{margin-bottom: 30px !important;}&#8221;]Sed ut perspiciatis unde omnis iste natus error sit voluptatem accusantium doloremque laudantium, totam rem aperiam, eaque ipsa quae ab illo inventore veritatis et quasi architecto beatae vitae dicta sunt explicabo. Nemo enim ipsam voluptatem quia voluptas sit aspernatur aut [&hellip;]<\/p>\n","protected":false},"author":1,"featured_media":0,"parent":0,"menu_order":0,"comment_status":"open","ping_status":"open","template":"page-templates\/template-canvas.php","meta":{"footnotes":""},"class_list":["post-425","page","type-page","status-publish","hentry"],"_links":{"self":[{"href":"https:\/\/www.emprociv.com\/index.php\/wp-json\/wp\/v2\/pages\/425","targetHints":{"allow":["GET"]}}],"collection":[{"href":"https:\/\/www.emprociv.com\/index.php\/wp-json\/wp\/v2\/pages"}],"about":[{"href":"https:\/\/www.emprociv.com\/index.php\/wp-json\/wp\/v2\/types\/page"}],"author":[{"embeddable":true,"href":"https:\/\/www.emprociv.com\/index.php\/wp-json\/wp\/v2\/users\/1"}],"replies":[{"embeddable":true,"href":"https:\/\/www.emprociv.com\/index.php\/wp-json\/wp\/v2\/comments?post=425"}],"version-history":[{"count":0,"href":"https:\/\/www.emprociv.com\/index.php\/wp-json\/wp\/v2\/pages\/425\/revisions"}],"wp:attachment":[{"href":"https:\/\/www.emprociv.com\/index.php\/wp-json\/wp\/v2\/media?parent=425"}],"curies":[{"name":"wp","href":"https:\/\/api.w.org\/{rel}","templated":true}]}}