{"id":229,"date":"2015-07-27T03:29:01","date_gmt":"2015-07-27T03:29:01","guid":{"rendered":"http:\/\/demo.vegatheme.com\/archilight\/?page_id=229"},"modified":"2019-10-22T15:56:39","modified_gmt":"2019-10-22T15:56:39","slug":"quienes-somos","status":"publish","type":"page","link":"https:\/\/www.emprociv.com\/index.php\/quienes-somos\/","title":{"rendered":"QUIENES SOMOS"},"content":{"rendered":"<div class=\"wpb-content-wrapper\"><p>[vc_row fullwidth=&#8221;yes&#8221; css=&#8221;.vc_custom_1474447018555{background-position: 0 0 !important;background-repeat: no-repeat !important;}&#8221; el_class=&#8221;side-bg no-padding&#8221;][vc_column]\n\t<div class=\"side-bg\">\n\t\t<div class=\"image-container pull-left col-md-5\" style=\"background-image:url(https:\/\/www.emprociv.com\/wp-content\/uploads\/2018\/06\/bg-side-11.jpg); ?>\" data-delay=\"0\"><\/div>\n        <div class=\"container\">\n            <div class=\"row\">\n                <div class=\"inner-padding\">\n                    <div class=\"col-md-6 col-md-offset-6 wow fadeInRight\" data-wow-delay=\".2s\">\n                        <h2>QUIENES SOMOS<\/h2><br\/>\n                        <strong class=\"intro\">&#8220;LA HONESTIDAD, TRANSPARENCIA Y \u00c9TICA PROFESIONAL SON LA BASE <span style=\"color: #99cc00;\">PARA NUESTRA EMPRESA.<\/span><span id=\"transmark\" style=\"display: none; width: 0px; height: 0px;\"><\/span>&#8221;<br \/>\n<\/strong><\/p>\n<p>Empresa de Proyectos Civiles es una empresa creada desde junio del a\u00f1o 2006, con el \u00e1nimo de participar en gran variedad de proyectos civiles, en \u00e1reas como la planeaci\u00f3n, dise\u00f1o, supervisi\u00f3n, construcci\u00f3n, asesor\u00edas, suministros y gerencia de los mismos.<\/p>\n<p>Contamos con un equipo de profesionales capacitados para aportar al desarrollo de los proyectos y por ende del pa\u00eds, generando una ingenier\u00eda sostenible con soluciones integrales para nuestros Clientes.<\/p>\n<p>Nuestros colaboradores son el pilar de nuestro desarrollo, pues son ellos quienes con su conocimiento y valores enriquecen de manera permanente la ejecuci\u00f3n de los proyectos, lo que nos hace una compa\u00f1\u00eda s\u00f3lida a nivel empresarial y social.                    <\/div>\n                    <div class=\"clearfix\"><\/div>\n                <\/div>\n            <\/div>\n        <\/div>\n\t<\/div>\n\n[\/vc_column][\/vc_row][vc_row fullwidth=&#8221;yes&#8221; css=&#8221;.vc_custom_1442204580531{padding-top: 60px !important;padding-bottom: 60px !important;}&#8221; el_class=&#8221;call-to-action bg-color text-center&#8221;][vc_column]\t\t\t\n\n\t\t\t<a href=\"http:\/\/demo.archiwp.com\/light-version\/contact\/\" target=\"_self\" class=\"btn btn-line-black btn-big  \">PARA MAYOR INFORMACI\u00d3N COMUNIQUESE CON NOSOTROS<\/a>\n\t    \n[\/vc_column][\/vc_row]<\/p>\n<\/div>","protected":false},"excerpt":{"rendered":"<p>[vc_row fullwidth=&#8221;yes&#8221; css=&#8221;.vc_custom_1474447018555{background-position: 0 0 !important;background-repeat: no-repeat !important;}&#8221; el_class=&#8221;side-bg no-padding&#8221;][vc_column][\/vc_column][\/vc_row][vc_row fullwidth=&#8221;yes&#8221; css=&#8221;.vc_custom_1442204580531{padding-top: 60px !important;padding-bottom: 60px !important;}&#8221; el_class=&#8221;call-to-action bg-color text-center&#8221;][vc_column][\/vc_column][\/vc_row]<\/p>\n","protected":false},"author":1,"featured_media":0,"parent":0,"menu_order":0,"comment_status":"open","ping_status":"open","template":"page-templates\/template-fullwidth.php","meta":{"footnotes":""},"class_list":["post-229","page","type-page","status-publish","hentry"],"_links":{"self":[{"href":"https:\/\/www.emprociv.com\/index.php\/wp-json\/wp\/v2\/pages\/229","targetHints":{"allow":["GET"]}}],"collection":[{"href":"https:\/\/www.emprociv.com\/index.php\/wp-json\/wp\/v2\/pages"}],"about":[{"href":"https:\/\/www.emprociv.com\/index.php\/wp-json\/wp\/v2\/types\/page"}],"author":[{"embeddable":true,"href":"https:\/\/www.emprociv.com\/index.php\/wp-json\/wp\/v2\/users\/1"}],"replies":[{"embeddable":true,"href":"https:\/\/www.emprociv.com\/index.php\/wp-json\/wp\/v2\/comments?post=229"}],"version-history":[{"count":0,"href":"https:\/\/www.emprociv.com\/index.php\/wp-json\/wp\/v2\/pages\/229\/revisions"}],"wp:attachment":[{"href":"https:\/\/www.emprociv.com\/index.php\/wp-json\/wp\/v2\/media?parent=229"}],"curies":[{"name":"wp","href":"https:\/\/api.w.org\/{rel}","templated":true}]}}